{"id":2,"date":"2018-11-13T13:17:25","date_gmt":"2018-11-13T12:17:25","guid":{"rendered":"http:\/\/ecopieces22.gdi-info.fr\/?page_id=2"},"modified":"2018-11-26T18:56:44","modified_gmt":"2018-11-26T17:56:44","slug":"page-d-exemple","status":"publish","type":"page","link":"https:\/\/www.landrau-pro.fr\/lt181414-ovh\/","title":{"rendered":"Qui sommes nous ?"},"content":{"rendered":"\n<p>La SARL LANDRAU vous propose un large choix de pneus auto dans toutes les tailles standards ainsi qu&rsquo;un grand choix de marques.<\/p>\n\n\n\n<p>Install\u00e9 depuis plus de 40 ans dans la ZI de Bellevue \u00e0 St Agathon, Thierry LANDRAU et son \u00e9quipe sauront vous renseigner et r\u00e9pondre \u00e0 toutes vos questions&#8230;&#8230;&#8230;&#8230;&#8230;&#8230;&#8230;&#8230;&#8230;&#8230;&#8230;.<\/p>\n\n\n\n<div class=\"wp-block-image\"><figure class=\"alignleft is-resized\"><img fetchpriority=\"high\" decoding=\"async\" src=\"https:\/\/www.landrau-pro.fr\/lt181414-ovh\/wp-content\/uploads\/2018\/11\/Fond-Ecopieces22.jpg\" alt=\"Plus de 6000 pneus en stock !\" class=\"wp-image-427\" width=\"1201\" height=\"1042\" srcset=\"https:\/\/www.landrau-pro.fr\/lt181414-ovh\/wp-content\/uploads\/2018\/11\/Fond-Ecopieces22.jpg 1245w, https:\/\/www.landrau-pro.fr\/lt181414-ovh\/wp-content\/uploads\/2018\/11\/Fond-Ecopieces22-300x260.jpg 300w, https:\/\/www.landrau-pro.fr\/lt181414-ovh\/wp-content\/uploads\/2018\/11\/Fond-Ecopieces22-768x666.jpg 768w, https:\/\/www.landrau-pro.fr\/lt181414-ovh\/wp-content\/uploads\/2018\/11\/Fond-Ecopieces22-1024x888.jpg 1024w, https:\/\/www.landrau-pro.fr\/lt181414-ovh\/wp-content\/uploads\/2018\/11\/Fond-Ecopieces22-324x281.jpg 324w, https:\/\/www.landrau-pro.fr\/lt181414-ovh\/wp-content\/uploads\/2018\/11\/Fond-Ecopieces22-416x361.jpg 416w\" sizes=\"(max-width: 1201px) 100vw, 1201px\" \/><figcaption><br><\/figcaption><\/figure><\/div>\n","protected":false},"excerpt":{"rendered":"<p>La SARL LANDRAU vous propose un large choix de pneus auto dans toutes les tailles standards ainsi qu&rsquo;un grand choix de marques. Install\u00e9 depuis plus de 40 ans dans la ZI de Bellevue \u00e0 St Agathon, Thierry LANDRAU et son \u00e9quipe sauront vous renseigner et r\u00e9pondre \u00e0 toutes vos questions&#8230;&#8230;&#8230;&#8230;&#8230;&#8230;&#8230;&#8230;&#8230;&#8230;&#8230;.<\/p>\n","protected":false},"author":4,"featured_media":0,"parent":0,"menu_order":0,"comment_status":"closed","ping_status":"open","template":"","meta":[],"_links":{"self":[{"href":"https:\/\/www.landrau-pro.fr\/lt181414-ovh\/wp-json\/wp\/v2\/pages\/2"}],"collection":[{"href":"https:\/\/www.landrau-pro.fr\/lt181414-ovh\/wp-json\/wp\/v2\/pages"}],"about":[{"href":"https:\/\/www.landrau-pro.fr\/lt181414-ovh\/wp-json\/wp\/v2\/types\/page"}],"author":[{"embeddable":true,"href":"https:\/\/www.landrau-pro.fr\/lt181414-ovh\/wp-json\/wp\/v2\/users\/4"}],"replies":[{"embeddable":true,"href":"https:\/\/www.landrau-pro.fr\/lt181414-ovh\/wp-json\/wp\/v2\/comments?post=2"}],"version-history":[{"count":17,"href":"https:\/\/www.landrau-pro.fr\/lt181414-ovh\/wp-json\/wp\/v2\/pages\/2\/revisions"}],"predecessor-version":[{"id":483,"href":"https:\/\/www.landrau-pro.fr\/lt181414-ovh\/wp-json\/wp\/v2\/pages\/2\/revisions\/483"}],"wp:attachment":[{"href":"https:\/\/www.landrau-pro.fr\/lt181414-ovh\/wp-json\/wp\/v2\/media?parent=2"}],"curies":[{"name":"wp","href":"https:\/\/api.w.org\/{rel}","templated":true}]}}